{"id":1282,"date":"2024-07-15T18:34:51","date_gmt":"2024-07-15T18:34:51","guid":{"rendered":"https:\/\/oluainsurance.com\/plan-de-registro-internacional-pir\/"},"modified":"2024-07-18T14:58:27","modified_gmt":"2024-07-18T14:58:27","slug":"plan-de-registro-internacional-pir","status":"publish","type":"page","link":"https:\/\/oluainsurance.com\/es\/plan-de-registro-internacional-pir\/","title":{"rendered":"Plan de Registro Internacional (PIR)"},"content":{"rendered":"\n\n\t\t\t<h1>Plan de Registro Internacional (PIR)<\/h1>\n\t\t\t<h2>Cobertura IRP confiable completa con placas distribuidas.<\/h2>\n\t<p>En Olua Insurance, comprendemos la compleja log\u00edstica que supone gestionar una flota de camiones que opera en varios estados. Es por eso que ofrecemos nuestra cobertura especializada del Plan de Registro Internacional (IRP), completa con placas distribuidas. Esta oferta \u00fanica est\u00e1 dise\u00f1ada para simplificar las operaciones interestatales de sus camiones y garantizar el cumplimiento de las distintas regulaciones estatales.<\/p>\n<p>Al elegir Olua Insurance, puedes agilizar las operaciones de tu flota, reducir las cargas administrativas y evitar costosas multas por incumplimiento. Ya sea que opere una peque\u00f1a empresa o una flota grande, estamos aqu\u00ed para brindarle cobertura confiable para proteger sus camiones y facilitar viajes entre estados sin problemas.<\/p>\n\t<p>Nuestra cobertura proporciona una soluci\u00f3n integral que abarca todos los aspectos de las operaciones interestatales de tus camiones. Cubre las tasas de registro, los impuestos y los requisitos normativos en varios estados. Con Olua Insurance, tendr\u00e1s acceso a una variedad de opciones personalizadas para satisfacer las necesidades \u00fanicas de tu flota y tu sector.<\/p>\n<p>Nuestros expertos agentes se dedican a ayudarte a encontrar la p\u00f3liza adecuada que se ajuste a tus requisitos y presupuesto, asegur\u00e1ndote la cobertura necesaria para proteger tus camiones y garantizar el cumplimiento de la normativa interestatal.<\/p>\n\t\t\t\t<img decoding=\"async\" data-src=\"https:\/\/oluainsurance.com\/wp-content\/uploads\/2024\/07\/IRP.png\" alt=\"IRP\" title=\"IRP\" itemprop=\"image\" src=\"data:image\/svg+xml;base64,PHN2ZyB3aWR0aD0iMSIgaGVpZ2h0PSIxIiB4bWxucz0iaHR0cDovL3d3dy53My5vcmcvMjAwMC9zdmciPjwvc3ZnPg==\" class=\"lazyload\" style=\"--smush-placeholder-width: 909px; --smush-placeholder-aspect-ratio: 909\/613;\" \/>\n\t<h2>\n\t\t\t\tGarantiza los desplazamientos interestatales de tus camiones sin problemas con una cobertura integral.\n\t\t\t<\/h2>\n\t\t\t<h5>Conduce por las fronteras estatales con confianza: Cobertura IRP fiable con placas distribuidas de Olua Insurance.<\/h5>\t\t\t\n<p>Con Olua Insurance como su socio de confianza, puede estar seguro de que sus camiones est\u00e1n protegidos contra los riesgos regulatorios interestatales en cada paso del camino. Nos comprometemos a prestar un servicio personalizado y un apoyo excepcional, desde ayudarte a navegar por la normativa interestatal hasta facilitar la documentaci\u00f3n de cumplimiento y la tramitaci\u00f3n de las reclamaciones. D\u00e9janos ser tu socio en la protecci\u00f3n del Plan de Registro Internacional, priorizando el cumplimiento y la eficacia operativa para los viajes interestatales de tus camiones.<\/p>\n<p>Ya sea que sea propietario de una peque\u00f1a empresa o de una gran corporaci\u00f3n con camiones que cruzan fronteras estatales, la cobertura del Plan de registro internacional de Olua Insurance con placas distribuidas puede agilizar las operaciones interestatales de su flota y garantizar el cumplimiento de las distintas regulaciones estatales. No dejes que la log\u00edstica interestatal obstaculice la eficacia de tu flota: ponte en contacto con nosotros hoy mismo para solicitar un presupuesto y descubrir c\u00f3mo podemos proteger tus camiones y contribuir al \u00e9xito de tus operaciones interestatales.<\/p>\n\t\t\t<a href=\"https:\/\/oluainsurance.com\/es\/contacto\/\" target=\"_self\" rel=\"noopener\">\n\t\t\t\t\t\t\tP\u00d3NGASE EN CONTACTO CON NOSOTROS\n\t\t\t<\/a>\n\n","protected":false},"excerpt":{"rendered":"<p>Plan de Registro Internacional (PIR) Cobertura IRP confiable completa con placas distribuidas. En Olua Insurance, comprendemos la compleja log\u00edstica que supone gestionar una flota de camiones que opera en varios estados. Es por eso que ofrecemos nuestra cobertura especializada del Plan de Registro Internacional (IRP), completa con placas distribuidas. Esta oferta \u00fanica est\u00e1 dise\u00f1ada para [&hellip;]<\/p>\n","protected":false},"author":1,"featured_media":0,"parent":0,"menu_order":0,"comment_status":"closed","ping_status":"closed","template":"","meta":{"site-sidebar-layout":"no-sidebar","site-content-layout":"page-builder","ast-site-content-layout":"full-width-container","site-content-style":"unboxed","site-sidebar-style":"unboxed","ast-global-header-display":"","ast-banner-title-visibility":"","ast-main-header-display":"","ast-hfb-above-header-display":"","ast-hfb-below-header-display":"","ast-hfb-mobile-header-display":"","site-post-title":"disabled","ast-breadcrumbs-content":"disabled","ast-featured-img":"disabled","footer-sml-layout":"","ast-disable-related-posts":"","theme-transparent-header-meta":"enabled","adv-header-id-meta":"","stick-header-meta":"","header-above-stick-meta":"","header-main-stick-meta":"","header-below-stick-meta":"","astra-migrate-meta-layouts":"default","ast-page-background-enabled":"default","ast-page-background-meta":{"desktop":{"background-color":"","background-image":"","background-repeat":"repeat","background-position":"center center","background-size":"auto","background-attachment":"scroll","background-type":"","background-media":"","overlay-type":"","overlay-color":"","overlay-opacity":"","overlay-gradient":""},"tablet":{"background-color":"","background-image":"","background-repeat":"repeat","background-position":"center center","background-size":"auto","background-attachment":"scroll","background-type":"","background-media":"","overlay-type":"","overlay-color":"","overlay-opacity":"","overlay-gradient":""},"mobile":{"background-color":"","background-image":"","background-repeat":"repeat","background-position":"center center","background-size":"auto","background-attachment":"scroll","background-type":"","background-media":"","overlay-type":"","overlay-color":"","overlay-opacity":"","overlay-gradient":""}},"ast-content-background-meta":{"desktop":{"background-color":"var(--ast-global-color-5)","background-image":"","background-repeat":"repeat","background-position":"center center","background-size":"auto","background-attachment":"scroll","background-type":"","background-media":"","overlay-type":"","overlay-color":"","overlay-opacity":"","overlay-gradient":""},"tablet":{"background-color":"var(--ast-global-color-5)","background-image":"","background-repeat":"repeat","background-position":"center center","background-size":"auto","background-attachment":"scroll","background-type":"","background-media":"","overlay-type":"","overlay-color":"","overlay-opacity":"","overlay-gradient":""},"mobile":{"background-color":"var(--ast-global-color-5)","background-image":"","background-repeat":"repeat","background-position":"center center","background-size":"auto","background-attachment":"scroll","background-type":"","background-media":"","overlay-type":"","overlay-color":"","overlay-opacity":"","overlay-gradient":""}},"footnotes":""},"class_list":["post-1282","page","type-page","status-publish","hentry"],"_links":{"self":[{"href":"https:\/\/oluainsurance.com\/es\/wp-json\/wp\/v2\/pages\/1282","targetHints":{"allow":["GET"]}}],"collection":[{"href":"https:\/\/oluainsurance.com\/es\/wp-json\/wp\/v2\/pages"}],"about":[{"href":"https:\/\/oluainsurance.com\/es\/wp-json\/wp\/v2\/types\/page"}],"author":[{"embeddable":true,"href":"https:\/\/oluainsurance.com\/es\/wp-json\/wp\/v2\/users\/1"}],"replies":[{"embeddable":true,"href":"https:\/\/oluainsurance.com\/es\/wp-json\/wp\/v2\/comments?post=1282"}],"version-history":[{"count":0,"href":"https:\/\/oluainsurance.com\/es\/wp-json\/wp\/v2\/pages\/1282\/revisions"}],"wp:attachment":[{"href":"https:\/\/oluainsurance.com\/es\/wp-json\/wp\/v2\/media?parent=1282"}],"curies":[{"name":"wp","href":"https:\/\/api.w.org\/{rel}","templated":true}]}}